{"id":316,"date":"2024-03-15T00:41:56","date_gmt":"2024-03-14T23:41:56","guid":{"rendered":"http:\/\/store.newtecmali.com\/?post_type=product&#038;p=316"},"modified":"2024-03-18T14:16:46","modified_gmt":"2024-03-18T13:16:46","slug":"routeur-point-dacces-2-4-ghz-mikrotik-rb951ui-2hnd","status":"publish","type":"product","link":"http:\/\/store.newtecmali.com\/?product=routeur-point-dacces-2-4-ghz-mikrotik-rb951ui-2hnd","title":{"rendered":"Routeur\/Point d&rsquo;acc\u00e8s 2.4 GHz MikroTik RB951Ui-2HnD"},"content":{"rendered":"<div>Le MikroTik RB951Ui-2HnD est un routeur sans fil proposant 5 ports Ethernet dont 1 en PoE Out (permet d&rsquo;alimenter par exemple une NanoStation), 1 port USB 2.0 et un point d&rsquo;acc\u00e8s 2.4 GHz avec antennes int\u00e9gr\u00e9es.<\/div>\n<div>Le design compact et discret du RB951Ui-2HnD le rend id\u00e9al pour le bureau comme pour la maison. Il int\u00e8gre des trous pour fixation murale.<\/div>\n","protected":false},"excerpt":{"rendered":"<p>Le MikroTik RB951Ui-2HnD est un routeur sans fil proposant 5 ports Ethernet dont 1 en PoE Out (permet d&rsquo;alimenter par exemple une NanoStation), 1 port USB 2.0 et un point d&rsquo;acc\u00e8s 2.4 GHz avec antennes int\u00e9gr\u00e9es. Le design compact et discret du RB951Ui-2HnD le rend id\u00e9al pour le bureau comme pour la maison. Il int\u00e8gre [&#8230;]\n","protected":false},"featured_media":317,"comment_status":"open","ping_status":"closed","template":"","meta":[],"product_cat":[70],"product_tag":[],"class_list":{"0":"post-316","1":"product","2":"type-product","3":"status-publish","4":"has-post-thumbnail","6":"product_cat-routeur","8":"first","9":"instock","10":"shipping-taxable","11":"purchasable","12":"product-type-simple"},"_links":{"self":[{"href":"http:\/\/store.newtecmali.com\/index.php?rest_route=\/wp\/v2\/product\/316","targetHints":{"allow":["GET"]}}],"collection":[{"href":"http:\/\/store.newtecmali.com\/index.php?rest_route=\/wp\/v2\/product"}],"about":[{"href":"http:\/\/store.newtecmali.com\/index.php?rest_route=\/wp\/v2\/types\/product"}],"replies":[{"embeddable":true,"href":"http:\/\/store.newtecmali.com\/index.php?rest_route=%2Fwp%2Fv2%2Fcomments&post=316"}],"wp:featuredmedia":[{"embeddable":true,"href":"http:\/\/store.newtecmali.com\/index.php?rest_route=\/wp\/v2\/media\/317"}],"wp:attachment":[{"href":"http:\/\/store.newtecmali.com\/index.php?rest_route=%2Fwp%2Fv2%2Fmedia&parent=316"}],"wp:term":[{"taxonomy":"product_cat","embeddable":true,"href":"http:\/\/store.newtecmali.com\/index.php?rest_route=%2Fwp%2Fv2%2Fproduct_cat&post=316"},{"taxonomy":"product_tag","embeddable":true,"href":"http:\/\/store.newtecmali.com\/index.php?rest_route=%2Fwp%2Fv2%2Fproduct_tag&post=316"}],"curies":[{"name":"wp","href":"https:\/\/api.w.org\/{rel}","templated":true}]}}