{"id":312,"date":"2024-03-15T00:34:00","date_gmt":"2024-03-14T23:34:00","guid":{"rendered":"http:\/\/store.newtecmali.com\/?post_type=product&#038;p=312"},"modified":"2024-11-08T15:38:32","modified_gmt":"2024-11-08T14:38:32","slug":"routeur-mikrotik-rb4011igs5hacq2hnd-in","status":"publish","type":"product","link":"http:\/\/store.newtecmali.com\/?product=routeur-mikrotik-rb4011igs5hacq2hnd-in","title":{"rendered":"Routeur Mikrotik RB4011iGS+5HacQ2HnD-IN"},"content":{"rendered":"<p>ROUTEUR MIKROTIK RB4011IGS+5HACQ2HND-IN<\/p>\n<p>S\u00e9rie RB4011 &#8211; Des routeurs incroyablement puissants avec dix ports Gigabit, une interface SFP + 10 Gbps et une acc\u00e9l\u00e9ration mat\u00e9rielle IPsec pour un prix exceptionnel!<\/p>\n<p>Le RB4011 utilise un processeur Cortex A15 \u00e0 quatre c\u0153urs, comme dans notre unit\u00e9 de classe op\u00e9rateur RB1100AHx4. L&rsquo;unit\u00e9 est \u00e9quip\u00e9e de 1 Go de RAM, peut fournir une sortie PoE sur le port n \u00b0 10 et est livr\u00e9e avec un bo\u00eetier en m\u00e9tal massif compact et de style professionnel, de couleur noir mat.<\/p>\n<p>Le RB4011iGS + 5HacQ2HnD-IN (mod\u00e8le WiFi) est une unit\u00e9 bi-bande \u00e0 quatre cha\u00eenes avec un d\u00e9bit de donn\u00e9es pris en charge pouvant atteindre 1733 Mbps en 5 GHz. Pour les appareils existants, l&rsquo;unit\u00e9 dispose \u00e9galement d&rsquo;une carte sans fil \u00e0 double cha\u00eene 2GHz install\u00e9e dans l&#8217;emplacement miniPCI-e.<\/p>\n<p>Nous avons deux versions disponibles.<\/p>\n<p>RB4011iGS + 5HacQ2HnD-IN-US (\u00c9tats-Unis) est verrouill\u00e9 en usine pour les fr\u00e9quences de 2412-2462 MHz, 5170-5250 MHz et 5725-5835 MHz. Ce verrou ne peut pas \u00eatre supprim\u00e9.<\/p>\n<p>RB4011iGS + 5HacQ2HnD-IN (International) prend en charge les gammes de fr\u00e9quences 2412-2484 MHz et 5150 MHz-5875 MHz (les fr\u00e9quences sp\u00e9cifiques peuvent \u00eatre limit\u00e9es par la r\u00e9glementation en vigueur dans le pays).<\/p>\n","protected":false},"excerpt":{"rendered":"<p>ROUTEUR MIKROTIK RB4011IGS+5HACQ2HND-IN S\u00e9rie RB4011 &#8211; Des routeurs incroyablement puissants avec dix ports Gigabit, une interface SFP + 10 Gbps et une acc\u00e9l\u00e9ration mat\u00e9rielle IPsec pour un prix exceptionnel! Le RB4011 utilise un processeur Cortex A15 \u00e0 quatre c\u0153urs, comme dans notre unit\u00e9 de classe op\u00e9rateur RB1100AHx4. L&rsquo;unit\u00e9 est \u00e9quip\u00e9e de 1 Go de RAM, [&#8230;]\n","protected":false},"featured_media":313,"comment_status":"open","ping_status":"closed","template":"","meta":[],"product_cat":[70],"product_tag":[],"class_list":{"0":"post-312","1":"product","2":"type-product","3":"status-publish","4":"has-post-thumbnail","6":"product_cat-routeur","8":"first","9":"instock","10":"shipping-taxable","11":"purchasable","12":"product-type-simple"},"_links":{"self":[{"href":"http:\/\/store.newtecmali.com\/index.php?rest_route=\/wp\/v2\/product\/312","targetHints":{"allow":["GET"]}}],"collection":[{"href":"http:\/\/store.newtecmali.com\/index.php?rest_route=\/wp\/v2\/product"}],"about":[{"href":"http:\/\/store.newtecmali.com\/index.php?rest_route=\/wp\/v2\/types\/product"}],"replies":[{"embeddable":true,"href":"http:\/\/store.newtecmali.com\/index.php?rest_route=%2Fwp%2Fv2%2Fcomments&post=312"}],"wp:featuredmedia":[{"embeddable":true,"href":"http:\/\/store.newtecmali.com\/index.php?rest_route=\/wp\/v2\/media\/313"}],"wp:attachment":[{"href":"http:\/\/store.newtecmali.com\/index.php?rest_route=%2Fwp%2Fv2%2Fmedia&parent=312"}],"wp:term":[{"taxonomy":"product_cat","embeddable":true,"href":"http:\/\/store.newtecmali.com\/index.php?rest_route=%2Fwp%2Fv2%2Fproduct_cat&post=312"},{"taxonomy":"product_tag","embeddable":true,"href":"http:\/\/store.newtecmali.com\/index.php?rest_route=%2Fwp%2Fv2%2Fproduct_tag&post=312"}],"curies":[{"name":"wp","href":"https:\/\/api.w.org\/{rel}","templated":true}]}}