{"id":308,"date":"2024-03-15T00:32:42","date_gmt":"2024-03-14T23:32:42","guid":{"rendered":"http:\/\/store.newtecmali.com\/?post_type=product&#038;p=308"},"modified":"2024-11-06T16:15:56","modified_gmt":"2024-11-06T15:15:56","slug":"routeur-mikrotik-powerbox-pro-rb960pgs-pb","status":"publish","type":"product","link":"http:\/\/store.newtecmali.com\/?product=routeur-mikrotik-powerbox-pro-rb960pgs-pb","title":{"rendered":"Routeur Mikrotik PowerBox Pro (RB960PGS-PB)"},"content":{"rendered":"","protected":false},"excerpt":{"rendered":"<p>Le PowerBox Pro est un routeur de port Ethernet ext\u00e9rieur de cinq gigabits avec sortie PoE sur quatre ports. \u00c9tant donn\u00e9 que l&rsquo;appareil poss\u00e8de un bo\u00eetier ext\u00e9rieur \u00e9tanche, vous pouvez le monter sur une tour ou dans d&rsquo;autres emplacements ext\u00e9rieurs.<\/p>\n","protected":false},"featured_media":311,"comment_status":"open","ping_status":"closed","template":"","meta":[],"product_cat":[72],"product_tag":[],"class_list":{"0":"post-308","1":"product","2":"type-product","3":"status-publish","4":"has-post-thumbnail","6":"product_cat-accessoire","8":"first","9":"instock","10":"shipping-taxable","11":"purchasable","12":"product-type-simple"},"_links":{"self":[{"href":"http:\/\/store.newtecmali.com\/index.php?rest_route=\/wp\/v2\/product\/308","targetHints":{"allow":["GET"]}}],"collection":[{"href":"http:\/\/store.newtecmali.com\/index.php?rest_route=\/wp\/v2\/product"}],"about":[{"href":"http:\/\/store.newtecmali.com\/index.php?rest_route=\/wp\/v2\/types\/product"}],"replies":[{"embeddable":true,"href":"http:\/\/store.newtecmali.com\/index.php?rest_route=%2Fwp%2Fv2%2Fcomments&post=308"}],"wp:featuredmedia":[{"embeddable":true,"href":"http:\/\/store.newtecmali.com\/index.php?rest_route=\/wp\/v2\/media\/311"}],"wp:attachment":[{"href":"http:\/\/store.newtecmali.com\/index.php?rest_route=%2Fwp%2Fv2%2Fmedia&parent=308"}],"wp:term":[{"taxonomy":"product_cat","embeddable":true,"href":"http:\/\/store.newtecmali.com\/index.php?rest_route=%2Fwp%2Fv2%2Fproduct_cat&post=308"},{"taxonomy":"product_tag","embeddable":true,"href":"http:\/\/store.newtecmali.com\/index.php?rest_route=%2Fwp%2Fv2%2Fproduct_tag&post=308"}],"curies":[{"name":"wp","href":"https:\/\/api.w.org\/{rel}","templated":true}]}}